{"id":44,"date":"2020-08-09T15:19:51","date_gmt":"2020-08-09T15:19:51","guid":{"rendered":"https:\/\/buergerfuerhaan.de\/?page_id=44"},"modified":"2025-09-13T00:15:19","modified_gmt":"2025-09-12T22:15:19","slug":"wahllokale","status":"publish","type":"page","link":"https:\/\/buergerfuerhaan.de\/?page_id=44","title":{"rendered":"Wahllokale"},"content":{"rendered":"\n<figure class=\"wp-block-table is-style-stripes\"><table><thead><tr><th>Wahlbezirk<\/th><th>Anschrift des Wahllokales<\/th><th>Satellitenbild<\/th><\/tr><\/thead><tbody><tr><td><strong>1010<\/strong><\/td><td>St\u00e4dtische Grundschule Gruiten<br>(Pr\u00e4lat-Marschall-Stra\u00dfe 65)<\/td><td><a href=\"https:\/\/maps.app.goo.gl\/stkRoShmcDUc1mRN9\" target=\"_blank\" rel=\"noreferrer noopener\">Satellitenbild<\/a><\/td><\/tr><tr><td><strong>1020<\/strong><\/td><td>Turnhalle am Sportplatz Gruiten<br>(Am Sportplatz 6)<\/td><td><a href=\"https:\/\/goo.gl\/maps\/dJgnnZdChEvr5zT98\" target=\"_blank\" rel=\"noreferrer noopener\">Satellitenbild<\/a><\/td><\/tr><tr><td><strong>1030<\/strong><\/td><td>Kita St. Nikolaus<br>(D\u00fcsselberger Stra\u00dfe 7)<\/td><td><a href=\"https:\/\/maps.app.goo.gl\/VHnAHWn4mgefFxA26\" target=\"_blank\" rel=\"noreferrer noopener\">Satellitenbild<\/a><\/td><\/tr><tr><td><strong>1040<\/strong><\/td><td>Kita und Familienzentrum am Bandenfeld<br>(Am Bandenfeld 110)<\/td><td><a href=\"https:\/\/maps.app.goo.gl\/iP3L1u8to5PVJY2a8\" target=\"_blank\" rel=\"noreferrer noopener\">Satellitenbild<\/a><\/td><\/tr><tr><td><strong>1050<\/strong><\/td><td>Jugendhaus<br>(Aleestra\u00dfe 6)<\/td><td><a href=\"https:\/\/goo.gl\/maps\/oLF6EFhXGTdzToDi7\" target=\"_blank\" rel=\"noreferrer noopener\">Satellitenbild<\/a><\/td><\/tr><tr><td><strong>1060<\/strong><\/td><td>St\u00e4dtisches Gymnasium Haan<br>(Adlerstra\u00dfe 3)<\/td><td><a href=\"https:\/\/maps.app.goo.gl\/NGXXaNuBMksHNhq66\" target=\"_blank\" rel=\"noreferrer noopener\">Satellitenbild<\/a><\/td><\/tr><tr><td><strong>1070<\/strong><\/td><td>Kita am Nachbarsberg<br>(Kampstra\u00dfe 70)<\/td><td><a href=\"https:\/\/maps.app.goo.gl\/bZWmUwQYruy4z1SX7\" target=\"_blank\" rel=\"noreferrer noopener\">Satellitenbild<\/a><\/td><\/tr><tr><td><strong>1080<\/strong><\/td><td>Grundschule Bollenberg<br>(Robert-Koch-Stra\u00dfe 27)<\/td><td><a href=\"https:\/\/goo.gl\/maps\/v9Pb5yLst293FTE17\" target=\"_blank\" rel=\"noreferrer noopener\">Satellitenbild<\/a><\/td><\/tr><tr><td><strong>1090<\/strong><\/td><td>Grundschule Mittelhaan<br>(Dieker Stra\u00dfe 69)<\/td><td><a href=\"https:\/\/goo.gl\/maps\/eDDqeuBQDDbPNfoG6\" target=\"_blank\" rel=\"noreferrer noopener\">Satellitenbild<\/a><\/td><\/tr><tr><td><strong>1100<\/strong><\/td><td>Volkshochschule<br>(Dieker Stra\u00dfe 49)<\/td><td><a href=\"https:\/\/goo.gl\/maps\/BnqMevi5EtjRJxRa6\" target=\"_blank\" rel=\"noreferrer noopener\">Satellitenbild<\/a><\/td><\/tr><tr><td><strong>1110<\/strong><\/td><td>Schulzentrum Foyer, Gesamtschule<br>(Walder Stra\u00dfe 15)<\/td><td><a href=\"https:\/\/goo.gl\/maps\/6c4mrAtvaKgrf7gDA\" target=\"_blank\" rel=\"noreferrer noopener\">Satellitenbild<\/a><\/td><\/tr><tr><td><strong>1120<\/strong><\/td><td>Evangelische Kita am Park<br>(Bismarckstra\u00dfe 10)<\/td><td><a href=\"https:\/\/maps.app.goo.gl\/4VeThQzap1rku7vm9\" target=\"_blank\" rel=\"noreferrer noopener\">Satellitenbild<\/a><\/td><\/tr><tr><td><strong>1130<\/strong><\/td><td>Don-Bosco-Schule<br>(Thienhausener Stra\u00dfe 24)<\/td><td><a href=\"https:\/\/goo.gl\/maps\/Y7Mx9qkYmKTZPPRg9\" target=\"_blank\" rel=\"noreferrer noopener\">Satellitenbild<\/a><\/td><\/tr><tr><td><strong>1140<\/strong><\/td><td>Kita M\u00e4rchenwald <br>(Ohligser Stra\u00dfe 98)<\/td><td><a href=\"https:\/\/maps.app.goo.gl\/vVZzoFhE8E3cfCRm6\" target=\"_blank\" rel=\"noreferrer noopener\">Satellitenbild<\/a><\/td><\/tr><tr><td><strong>1150<\/strong><\/td><td>GGS Steinkulle, Sporthalle<br>(Steinkulle 24)<\/td><td><a href=\"https:\/\/goo.gl\/maps\/knHcenVvS2VLD6ey9\" target=\"_blank\" rel=\"noreferrer noopener\">Satellitenbild<\/a><\/td><\/tr><tr><td><strong>1160<\/strong><\/td><td>Kindergarten Am Sandbach<br>(Bachstra\u00dfe 64a)<\/td><td><a href=\"https:\/\/goo.gl\/maps\/aH4uNFaL4t9rZGpQ9\" target=\"_blank\" rel=\"noreferrer noopener\">Satellitenbild<\/a><\/td><\/tr><tr><td><strong>1170<\/strong><\/td><td>\u00dcbungshalle Haaner Sch\u00fctzenverein<br>(Am Sch\u00fctzenhaus 2)<\/td><td><a href=\"https:\/\/goo.gl\/maps\/6ZUGpHSGL9ETPi2v7\" target=\"_blank\" rel=\"noreferrer noopener\">Satellitenbild<\/a><\/td><\/tr><\/tbody><\/table><\/figure>\n","protected":false},"excerpt":{"rendered":"<p>Wahlbezirk Anschrift des Wahllokales Satellitenbild 1010 St\u00e4dtische Grundschule Gruiten(Pr\u00e4lat-Marschall-Stra\u00dfe 65) Satellitenbild 1020 Turnhalle am Sportplatz Gruiten(Am Sportplatz 6) Satellitenbild 1030 Kita St. Nikolaus(D\u00fcsselberger Stra\u00dfe 7) Satellitenbild 1040 Kita und Familienzentrum am Bandenfeld(Am Bandenfeld 110) Satellitenbild 1050 Jugendhaus(Aleestra\u00dfe 6) Satellitenbild 1060 St\u00e4dtisches Gymnasium Haan(Adlerstra\u00dfe 3) Satellitenbild 1070 Kita am Nachbarsberg(Kampstra\u00dfe 70) Satellitenbild 1080 Grundschule Bollenberg(Robert-Koch-Stra\u00dfe 27) [&hellip;]<\/p>\n","protected":false},"author":1,"featured_media":0,"parent":0,"menu_order":0,"comment_status":"closed","ping_status":"closed","template":"","meta":{"saved_in_kubio":true,"give_campaign_id":0,"footnotes":""},"class_list":["post-44","page","type-page","status-publish","hentry"],"kubio_ai_page_context":{"short_desc":"","purpose":"general"},"campaignId":"","jetpack_sharing_enabled":true,"_links":{"self":[{"href":"https:\/\/buergerfuerhaan.de\/index.php?rest_route=\/wp\/v2\/pages\/44","targetHints":{"allow":["GET"]}}],"collection":[{"href":"https:\/\/buergerfuerhaan.de\/index.php?rest_route=\/wp\/v2\/pages"}],"about":[{"href":"https:\/\/buergerfuerhaan.de\/index.php?rest_route=\/wp\/v2\/types\/page"}],"author":[{"embeddable":true,"href":"https:\/\/buergerfuerhaan.de\/index.php?rest_route=\/wp\/v2\/users\/1"}],"replies":[{"embeddable":true,"href":"https:\/\/buergerfuerhaan.de\/index.php?rest_route=%2Fwp%2Fv2%2Fcomments&post=44"}],"version-history":[{"count":1,"href":"https:\/\/buergerfuerhaan.de\/index.php?rest_route=\/wp\/v2\/pages\/44\/revisions"}],"predecessor-version":[{"id":1290,"href":"https:\/\/buergerfuerhaan.de\/index.php?rest_route=\/wp\/v2\/pages\/44\/revisions\/1290"}],"wp:attachment":[{"href":"https:\/\/buergerfuerhaan.de\/index.php?rest_route=%2Fwp%2Fv2%2Fmedia&parent=44"}],"curies":[{"name":"wp","href":"https:\/\/api.w.org\/{rel}","templated":true}]}}