{"id":41,"date":"2020-08-09T15:19:51","date_gmt":"2020-08-09T15:19:51","guid":{"rendered":"https:\/\/buergerfuerhaan.de\/?page_id=41"},"modified":"2025-09-12T00:25:50","modified_gmt":"2025-09-11T22:25:50","slug":"briefwahl","status":"publish","type":"page","link":"https:\/\/buergerfuerhaan.de\/?page_id=41","title":{"rendered":"Briefwahl"},"content":{"rendered":"\n<h3 class=\"wp-block-heading\"><strong>Briefwahlb\u00fcro der Stadt Haan<\/strong><\/h3>\n\n\n\n<p>Das Briefwahlb\u00fcro befindet sich im&nbsp;<strong>Sitzungssaal des Rathauses<\/strong>.<\/p>\n\n\n\n<figure class=\"wp-block-table is-style-stripes\"><table><thead><tr><th>Tag<\/th><th>\u00d6ffnungszeit<\/th><\/tr><\/thead><tbody><tr><td>Montags, Mittwochs, Donnerstags<\/td><td>08:00 Uhr &#8211; 16:00 Uhr<\/td><\/tr><tr><td>Dienstags<\/td><td>08:00 Uhr &#8211; 18:00 Uhr<\/td><\/tr><tr><td>Freitags<\/td><td>08:00 Uhr &#8211; 12:00 Uhr<\/td><\/tr><tr><td><strong>NUR<\/strong> am Freitag, den 12. September 2025<\/td><td>08:00 Uhr &#8211; 15:00 Uhr<\/td><\/tr><\/tbody><\/table><\/figure>\n\n\n\n<hr class=\"wp-block-separator has-css-opacity\"\/>\n\n\n\n<p>Alle Informationen vom Land NRW zum Thema Briefwahl finden Sie <a href=\"https:\/\/meineverwaltung.nrw\/leistung\/99128001120001\" target=\"_blank\" rel=\"noreferrer noopener\">hier<\/a>.<\/p>\n","protected":false},"excerpt":{"rendered":"<p>Briefwahlb\u00fcro der Stadt Haan Das Briefwahlb\u00fcro befindet sich im&nbsp;Sitzungssaal des Rathauses. Tag \u00d6ffnungszeit Montags, Mittwochs, Donnerstags 08:00 Uhr &#8211; 16:00 Uhr Dienstags 08:00 Uhr &#8211; 18:00 Uhr Freitags 08:00 Uhr &#8211; 12:00 Uhr NUR am Freitag, den 12. September 2025 08:00 Uhr &#8211; 15:00 Uhr Alle Informationen vom Land NRW zum Thema Briefwahl finden Sie [&hellip;]<\/p>\n","protected":false},"author":1,"featured_media":0,"parent":0,"menu_order":0,"comment_status":"closed","ping_status":"closed","template":"","meta":{"saved_in_kubio":true,"give_campaign_id":0,"footnotes":""},"class_list":["post-41","page","type-page","status-publish","hentry"],"kubio_ai_page_context":{"short_desc":"","purpose":"general"},"campaignId":"","jetpack_sharing_enabled":true,"_links":{"self":[{"href":"https:\/\/buergerfuerhaan.de\/index.php?rest_route=\/wp\/v2\/pages\/41","targetHints":{"allow":["GET"]}}],"collection":[{"href":"https:\/\/buergerfuerhaan.de\/index.php?rest_route=\/wp\/v2\/pages"}],"about":[{"href":"https:\/\/buergerfuerhaan.de\/index.php?rest_route=\/wp\/v2\/types\/page"}],"author":[{"embeddable":true,"href":"https:\/\/buergerfuerhaan.de\/index.php?rest_route=\/wp\/v2\/users\/1"}],"replies":[{"embeddable":true,"href":"https:\/\/buergerfuerhaan.de\/index.php?rest_route=%2Fwp%2Fv2%2Fcomments&post=41"}],"version-history":[{"count":1,"href":"https:\/\/buergerfuerhaan.de\/index.php?rest_route=\/wp\/v2\/pages\/41\/revisions"}],"predecessor-version":[{"id":1283,"href":"https:\/\/buergerfuerhaan.de\/index.php?rest_route=\/wp\/v2\/pages\/41\/revisions\/1283"}],"wp:attachment":[{"href":"https:\/\/buergerfuerhaan.de\/index.php?rest_route=%2Fwp%2Fv2%2Fmedia&parent=41"}],"curies":[{"name":"wp","href":"https:\/\/api.w.org\/{rel}","templated":true}]}}