{"id":1107,"date":"2025-08-25T21:19:20","date_gmt":"2025-08-25T19:19:20","guid":{"rendered":"https:\/\/buergerfuerhaan.de\/?page_id=1107"},"modified":"2025-08-25T22:00:23","modified_gmt":"2025-08-25T20:00:23","slug":"unsere-antraege-anfragen","status":"publish","type":"page","link":"https:\/\/buergerfuerhaan.de\/?page_id=1107","title":{"rendered":"Unsere Antr\u00e4ge &amp; Anfragen"},"content":{"rendered":"\n<div data-wp-interactive=\"core\/file\" class=\"wp-block-file\"><object data-wp-bind--hidden=\"!state.hasPdfPreview\" hidden class=\"wp-block-file__embed\" data=\"https:\/\/buergerfuerhaan.de\/wp-content\/uploads\/2025\/08\/Burger-fur-Haan-Burger-Union-Antr-ag-TO-Rat-12.12.23-Krankenhaus.pdf\" type=\"application\/pdf\" style=\"width:100%;height:600px\" aria-label=\"Einbettung von Burger fur Haan Burger Union Antr ag TO Rat 12.12.23 Krankenhaus.\"><\/object><a id=\"wp-block-file--media-99e912c4-81ed-4497-b749-0c9c71be8a6e\" href=\"https:\/\/buergerfuerhaan.de\/wp-content\/uploads\/2025\/08\/Burger-fur-Haan-Burger-Union-Antr-ag-TO-Rat-12.12.23-Krankenhaus.pdf\">Burger fur Haan Burger Union Antr ag TO Rat 12.12.23 Krankenhaus<\/a><a href=\"https:\/\/buergerfuerhaan.de\/wp-content\/uploads\/2025\/08\/Burger-fur-Haan-Burger-Union-Antr-ag-TO-Rat-12.12.23-Krankenhaus.pdf\" class=\"wp-block-file__button wp-element-button\" download aria-describedby=\"wp-block-file--media-99e912c4-81ed-4497-b749-0c9c71be8a6e\">Herunterladen<\/a><\/div>\n\n\n\n<hr class=\"wp-block-separator has-alpha-channel-opacity is-style-wide\"\/>\n\n\n\n<div data-wp-interactive=\"core\/file\" class=\"wp-block-file\"><object data-wp-bind--hidden=\"!state.hasPdfPreview\" hidden class=\"wp-block-file__embed\" data=\"https:\/\/buergerfuerhaan.de\/wp-content\/uploads\/2025\/08\/Buerger-fuer-Haan-Buerger-Union-Antrag-Umset-zung-Kinderschutzgesetz-v.-18.04.2022.pdf\" type=\"application\/pdf\" style=\"width:100%;height:600px\" aria-label=\"Einbettung von B\u00fcrger f\u00fcr Haan B\u00fcrger Union Antrag Umset zung Kinderschutzgesetz v. 18.04.2022.\"><\/object><a id=\"wp-block-file--media-a65b8764-8112-4982-9a72-b985e8a3e3dd\" href=\"https:\/\/buergerfuerhaan.de\/wp-content\/uploads\/2025\/08\/Buerger-fuer-Haan-Buerger-Union-Antrag-Umset-zung-Kinderschutzgesetz-v.-18.04.2022.pdf\">B\u00fcrger f\u00fcr Haan B\u00fcrger Union Antrag Umset zung Kinderschutzgesetz v. 18.04.2022<\/a><a href=\"https:\/\/buergerfuerhaan.de\/wp-content\/uploads\/2025\/08\/Buerger-fuer-Haan-Buerger-Union-Antrag-Umset-zung-Kinderschutzgesetz-v.-18.04.2022.pdf\" class=\"wp-block-file__button wp-element-button\" download aria-describedby=\"wp-block-file--media-a65b8764-8112-4982-9a72-b985e8a3e3dd\">Herunterladen<\/a><\/div>\n\n\n\n<hr class=\"wp-block-separator has-alpha-channel-opacity is-style-wide\"\/>\n\n\n\n<div data-wp-interactive=\"core\/file\" class=\"wp-block-file\"><object data-wp-bind--hidden=\"!state.hasPdfPreview\" hidden class=\"wp-block-file__embed\" data=\"https:\/\/buergerfuerhaan.de\/wp-content\/uploads\/2025\/08\/Burger-fur-Haan-Stellungnahme-H-aushalt-u.-Stellenplan-2022.pdf\" type=\"application\/pdf\" style=\"width:100%;height:600px\" aria-label=\"Einbettung von Burger fur Haan Stellungnahme H aushalt u. Stellenplan 2022.\"><\/object><a id=\"wp-block-file--media-f15b640f-2469-461d-9c52-2b928fa52d4f\" href=\"https:\/\/buergerfuerhaan.de\/wp-content\/uploads\/2025\/08\/Burger-fur-Haan-Stellungnahme-H-aushalt-u.-Stellenplan-2022.pdf\">Burger fur Haan Stellungnahme H aushalt u. Stellenplan 2022<\/a><a href=\"https:\/\/buergerfuerhaan.de\/wp-content\/uploads\/2025\/08\/Burger-fur-Haan-Stellungnahme-H-aushalt-u.-Stellenplan-2022.pdf\" class=\"wp-block-file__button wp-element-button\" download aria-describedby=\"wp-block-file--media-f15b640f-2469-461d-9c52-2b928fa52d4f\">Herunterladen<\/a><\/div>\n\n\n\n<hr class=\"wp-block-separator has-alpha-channel-opacity is-style-wide\"\/>\n\n\n\n<div data-wp-interactive=\"core\/file\" class=\"wp-block-file\"><object data-wp-bind--hidden=\"!state.hasPdfPreview\" hidden class=\"wp-block-file__embed\" data=\"https:\/\/buergerfuerhaan.de\/wp-content\/uploads\/2025\/08\/Haushalt-Stadt-Haan-2023-Stellungna-hme-Buerger-fuer-Haan-Buerger-Union.pdf\" type=\"application\/pdf\" style=\"width:100%;height:600px\" aria-label=\"Einbettung von Haushalt Stadt Haan 2023 Stellungna hme B\u00fcrger f\u00fcr Haan B\u00fcrger Union.\"><\/object><a id=\"wp-block-file--media-0b05712f-ecd6-4f74-b782-bfa9719e052c\" href=\"https:\/\/buergerfuerhaan.de\/wp-content\/uploads\/2025\/08\/Haushalt-Stadt-Haan-2023-Stellungna-hme-Buerger-fuer-Haan-Buerger-Union.pdf\">Haushalt Stadt Haan 2023 Stellungna hme B\u00fcrger f\u00fcr Haan B\u00fcrger Union<\/a><a href=\"https:\/\/buergerfuerhaan.de\/wp-content\/uploads\/2025\/08\/Haushalt-Stadt-Haan-2023-Stellungna-hme-Buerger-fuer-Haan-Buerger-Union.pdf\" class=\"wp-block-file__button wp-element-button\" download aria-describedby=\"wp-block-file--media-0b05712f-ecd6-4f74-b782-bfa9719e052c\">Herunterladen<\/a><\/div>\n\n\n\n<hr class=\"wp-block-separator has-alpha-channel-opacity is-style-wide\"\/>\n\n\n\n<div data-wp-interactive=\"core\/file\" class=\"wp-block-file\"><object data-wp-bind--hidden=\"!state.hasPdfPreview\" hidden class=\"wp-block-file__embed\" data=\"https:\/\/buergerfuerhaan.de\/wp-content\/uploads\/2025\/08\/Burger-fur-Haan-Burger-Union-Ste-llungnahme-zum-Haushalt-2024.pdf\" type=\"application\/pdf\" style=\"width:100%;height:600px\" aria-label=\"Einbettung von Burger fur Haan Burger Union Ste llungnahme zum Haushalt 2024.\"><\/object><a id=\"wp-block-file--media-156c1a18-59d6-42c3-9a5f-3f5863dfce0b\" href=\"https:\/\/buergerfuerhaan.de\/wp-content\/uploads\/2025\/08\/Burger-fur-Haan-Burger-Union-Ste-llungnahme-zum-Haushalt-2024.pdf\">Burger fur Haan Burger Union Ste llungnahme zum Haushalt 2024<\/a><a href=\"https:\/\/buergerfuerhaan.de\/wp-content\/uploads\/2025\/08\/Burger-fur-Haan-Burger-Union-Ste-llungnahme-zum-Haushalt-2024.pdf\" class=\"wp-block-file__button wp-element-button\" download aria-describedby=\"wp-block-file--media-156c1a18-59d6-42c3-9a5f-3f5863dfce0b\">Herunterladen<\/a><\/div>\n\n\n\n<hr class=\"wp-block-separator has-alpha-channel-opacity is-style-wide\"\/>\n\n\n\n<div data-wp-interactive=\"core\/file\" class=\"wp-block-file\"><object data-wp-bind--hidden=\"!state.hasPdfPreview\" hidden class=\"wp-block-file__embed\" data=\"https:\/\/buergerfuerhaan.de\/wp-content\/uploads\/2025\/08\/Burger-fur-Haan-Stellungnahme-zum-Haushalt-der-Stadt-Haan-2025-.pdf\" type=\"application\/pdf\" style=\"width:100%;height:600px\" aria-label=\"Einbettung von Burger fur Haan Stellungnahme zum  Haushalt der Stadt Haan 2025.\"><\/object><a id=\"wp-block-file--media-484881b8-2e6c-4337-9643-7b809b1b10dc\" href=\"https:\/\/buergerfuerhaan.de\/wp-content\/uploads\/2025\/08\/Burger-fur-Haan-Stellungnahme-zum-Haushalt-der-Stadt-Haan-2025-.pdf\">Burger fur Haan Stellungnahme zum  Haushalt der Stadt Haan 2025<\/a><a href=\"https:\/\/buergerfuerhaan.de\/wp-content\/uploads\/2025\/08\/Burger-fur-Haan-Stellungnahme-zum-Haushalt-der-Stadt-Haan-2025-.pdf\" class=\"wp-block-file__button wp-element-button\" download aria-describedby=\"wp-block-file--media-484881b8-2e6c-4337-9643-7b809b1b10dc\">Herunterladen<\/a><\/div>\n\n\n\n<hr class=\"wp-block-separator has-alpha-channel-opacity is-style-wide\"\/>\n\n\n\n<div data-wp-interactive=\"core\/file\" class=\"wp-block-file\"><object data-wp-bind--hidden=\"!state.hasPdfPreview\" hidden class=\"wp-block-file__embed\" data=\"https:\/\/buergerfuerhaan.de\/wp-content\/uploads\/2025\/08\/Burger-Union-Anfrage-Stv.-Giebels-v.-16.1-2.2024-Vorkaufsrecht-Krankenhausareal.pdf\" type=\"application\/pdf\" style=\"width:100%;height:600px\" aria-label=\"Einbettung von Burger Union Anfrage Stv. Giebels v. 16.1 2.2024 Vorkaufsrecht Krankenhausareal.\"><\/object><a id=\"wp-block-file--media-5b7e6638-52ce-49e4-9d9e-c4b8e983ef4f\" href=\"https:\/\/buergerfuerhaan.de\/wp-content\/uploads\/2025\/08\/Burger-Union-Anfrage-Stv.-Giebels-v.-16.1-2.2024-Vorkaufsrecht-Krankenhausareal.pdf\">Burger Union Anfrage Stv. Giebels v. 16.1 2.2024 Vorkaufsrecht Krankenhausareal<\/a><a href=\"https:\/\/buergerfuerhaan.de\/wp-content\/uploads\/2025\/08\/Burger-Union-Anfrage-Stv.-Giebels-v.-16.1-2.2024-Vorkaufsrecht-Krankenhausareal.pdf\" class=\"wp-block-file__button wp-element-button\" download aria-describedby=\"wp-block-file--media-5b7e6638-52ce-49e4-9d9e-c4b8e983ef4f\">Herunterladen<\/a><\/div>\n\n\n\n<hr class=\"wp-block-separator has-alpha-channel-opacity is-style-wide\"\/>\n\n\n\n<div data-wp-interactive=\"core\/file\" class=\"wp-block-file\"><object data-wp-bind--hidden=\"!state.hasPdfPreview\" hidden class=\"wp-block-file__embed\" data=\"https:\/\/buergerfuerhaan.de\/wp-content\/uploads\/2025\/08\/Burger-Union-Antrag-Tragerschaf-t-Krankenhaus-vom-15.10.2023.pdf\" type=\"application\/pdf\" style=\"width:100%;height:600px\" aria-label=\"Einbettung von Burger Union Antrag Tragerschaf t Krankenhaus vom 15.10.2023.\"><\/object><a id=\"wp-block-file--media-476e993f-bba3-4c4c-ac5e-477f8d899490\" href=\"https:\/\/buergerfuerhaan.de\/wp-content\/uploads\/2025\/08\/Burger-Union-Antrag-Tragerschaf-t-Krankenhaus-vom-15.10.2023.pdf\">Burger Union Antrag Tragerschaf t Krankenhaus vom 15.10.2023<\/a><a href=\"https:\/\/buergerfuerhaan.de\/wp-content\/uploads\/2025\/08\/Burger-Union-Antrag-Tragerschaf-t-Krankenhaus-vom-15.10.2023.pdf\" class=\"wp-block-file__button wp-element-button\" download aria-describedby=\"wp-block-file--media-476e993f-bba3-4c4c-ac5e-477f8d899490\">Herunterladen<\/a><\/div>\n\n\n\n<hr class=\"wp-block-separator has-alpha-channel-opacity is-style-wide\"\/>\n\n\n\n<div data-wp-interactive=\"core\/file\" class=\"wp-block-file\"><object data-wp-bind--hidden=\"!state.hasPdfPreview\" hidden class=\"wp-block-file__embed\" data=\"https:\/\/buergerfuerhaan.de\/wp-content\/uploads\/2025\/08\/Burger-Union-Haan-Harald-Giebels-Antr-ag-zum-Haushalt-2023-Buergerkoffer.pdf\" type=\"application\/pdf\" style=\"width:100%;height:600px\" aria-label=\"Einbettung von Burger Union Haan Harald Giebels Antr ag zum Haushalt 2023 B\u00fcrgerkoffer.\"><\/object><a id=\"wp-block-file--media-3c9e09af-e3ab-49bd-b27f-6c19f253892e\" href=\"https:\/\/buergerfuerhaan.de\/wp-content\/uploads\/2025\/08\/Burger-Union-Haan-Harald-Giebels-Antr-ag-zum-Haushalt-2023-Buergerkoffer.pdf\">Burger Union Haan Harald Giebels Antr ag zum Haushalt 2023 B\u00fcrgerkoffer<\/a><a href=\"https:\/\/buergerfuerhaan.de\/wp-content\/uploads\/2025\/08\/Burger-Union-Haan-Harald-Giebels-Antr-ag-zum-Haushalt-2023-Buergerkoffer.pdf\" class=\"wp-block-file__button wp-element-button\" download aria-describedby=\"wp-block-file--media-3c9e09af-e3ab-49bd-b27f-6c19f253892e\">Herunterladen<\/a><\/div>\n\n\n\n<hr class=\"wp-block-separator has-alpha-channel-opacity is-style-wide\"\/>\n\n\n\n<div data-wp-interactive=\"core\/file\" class=\"wp-block-file\"><object data-wp-bind--hidden=\"!state.hasPdfPreview\" hidden class=\"wp-block-file__embed\" data=\"https:\/\/buergerfuerhaan.de\/wp-content\/uploads\/2025\/08\/Giebels-Antrag-Corona-fuer-Rat-14.12.2021.pdf\" type=\"application\/pdf\" style=\"width:100%;height:600px\" aria-label=\"Einbettung von Giebels Antrag Corona f\u00fcr Rat 14.12.2021.\"><\/object><a id=\"wp-block-file--media-dff429ab-ce3d-49e4-90ca-643a37176269\" href=\"https:\/\/buergerfuerhaan.de\/wp-content\/uploads\/2025\/08\/Giebels-Antrag-Corona-fuer-Rat-14.12.2021.pdf\">Giebels Antrag Corona f\u00fcr Rat 14.12.2021<\/a><a href=\"https:\/\/buergerfuerhaan.de\/wp-content\/uploads\/2025\/08\/Giebels-Antrag-Corona-fuer-Rat-14.12.2021.pdf\" class=\"wp-block-file__button wp-element-button\" download aria-describedby=\"wp-block-file--media-dff429ab-ce3d-49e4-90ca-643a37176269\">Herunterladen<\/a><\/div>\n\n\n\n<hr class=\"wp-block-separator has-alpha-channel-opacity is-style-wide\"\/>\n\n\n\n<div data-wp-interactive=\"core\/file\" class=\"wp-block-file\"><object data-wp-bind--hidden=\"!state.hasPdfPreview\" hidden class=\"wp-block-file__embed\" data=\"https:\/\/buergerfuerhaan.de\/wp-content\/uploads\/2025\/08\/Harald-Giebels-Burger-fur-Haan-Ant-rag-HFA-22.03.2022-Grundsteuer.pdf\" type=\"application\/pdf\" style=\"width:100%;height:600px\" aria-label=\"Einbettung von Harald Giebels Burger fur Haan Ant rag HFA 22.03.2022 Grundsteuer.\"><\/object><a id=\"wp-block-file--media-545972d0-6bb3-4b0b-8bfe-324c6fac875e\" href=\"https:\/\/buergerfuerhaan.de\/wp-content\/uploads\/2025\/08\/Harald-Giebels-Burger-fur-Haan-Ant-rag-HFA-22.03.2022-Grundsteuer.pdf\">Harald Giebels Burger fur Haan Ant rag HFA 22.03.2022 Grundsteuer<\/a><a href=\"https:\/\/buergerfuerhaan.de\/wp-content\/uploads\/2025\/08\/Harald-Giebels-Burger-fur-Haan-Ant-rag-HFA-22.03.2022-Grundsteuer.pdf\" class=\"wp-block-file__button wp-element-button\" download aria-describedby=\"wp-block-file--media-545972d0-6bb3-4b0b-8bfe-324c6fac875e\">Herunterladen<\/a><\/div>\n\n\n\n<hr class=\"wp-block-separator has-alpha-channel-opacity is-style-wide\"\/>\n\n\n\n<div data-wp-interactive=\"core\/file\" class=\"wp-block-file\"><object data-wp-bind--hidden=\"!state.hasPdfPreview\" hidden class=\"wp-block-file__embed\" data=\"https:\/\/buergerfuerhaan.de\/wp-content\/uploads\/2025\/08\/Harald-Giebels-Buerger-fuer-Haan-Buerger-Union-Antrag-HFA-22.03.2022-Ukraine-Fluechtlinge.pdf\" type=\"application\/pdf\" style=\"width:100%;height:600px\" aria-label=\"Einbettung von Harald Giebels B\u00fcrger f\u00fcr Haan B\u00fcrger Union Antrag HFA 22.03.2022 Ukraine Fl\u00fcchtlinge.\"><\/object><a id=\"wp-block-file--media-beabbdfc-a042-4fb0-97b1-284084856ee6\" href=\"https:\/\/buergerfuerhaan.de\/wp-content\/uploads\/2025\/08\/Harald-Giebels-Buerger-fuer-Haan-Buerger-Union-Antrag-HFA-22.03.2022-Ukraine-Fluechtlinge.pdf\">Harald Giebels B\u00fcrger f\u00fcr Haan B\u00fcrger Union Antrag HFA 22.03.2022 Ukraine Fl\u00fcchtlinge<\/a><a href=\"https:\/\/buergerfuerhaan.de\/wp-content\/uploads\/2025\/08\/Harald-Giebels-Buerger-fuer-Haan-Buerger-Union-Antrag-HFA-22.03.2022-Ukraine-Fluechtlinge.pdf\" class=\"wp-block-file__button wp-element-button\" download aria-describedby=\"wp-block-file--media-beabbdfc-a042-4fb0-97b1-284084856ee6\">Herunterladen<\/a><\/div>\n\n\n\n<hr class=\"wp-block-separator has-alpha-channel-opacity is-style-wide\"\/>\n\n\n\n<div data-wp-interactive=\"core\/file\" class=\"wp-block-file\"><object data-wp-bind--hidden=\"!state.hasPdfPreview\" hidden class=\"wp-block-file__embed\" data=\"https:\/\/buergerfuerhaan.de\/wp-content\/uploads\/2025\/08\/Harald-Giebels-Burger-fur-Haan-Burg-er-Union-Antrag-v.-18.05.2022-fuer-Rat-21.06.2022-Abwassergebuehren-Entscheidung-OVG-Muenster-v.-17.05.2022.pdf\" type=\"application\/pdf\" style=\"width:100%;height:600px\" aria-label=\"Einbettung von Harald Giebels Burger fur Haan Burg er Union Antrag v. 18.05.2022 f\u00fcr Rat 21.06.2022 Abwassergeb\u00fchren Entscheidung OVG M\u00fcnster v. 17.05.2022.\"><\/object><a id=\"wp-block-file--media-d7fba4f1-c0c4-4f9d-9ce9-a9bbbb7689ae\" href=\"https:\/\/buergerfuerhaan.de\/wp-content\/uploads\/2025\/08\/Harald-Giebels-Burger-fur-Haan-Burg-er-Union-Antrag-v.-18.05.2022-fuer-Rat-21.06.2022-Abwassergebuehren-Entscheidung-OVG-Muenster-v.-17.05.2022.pdf\">Harald Giebels Burger fur Haan Burg er Union Antrag v. 18.05.2022 f\u00fcr Rat 21.06.2022 Abwassergeb\u00fchren Entscheidung OVG M\u00fcnster v. 17.05.2022<\/a><a href=\"https:\/\/buergerfuerhaan.de\/wp-content\/uploads\/2025\/08\/Harald-Giebels-Burger-fur-Haan-Burg-er-Union-Antrag-v.-18.05.2022-fuer-Rat-21.06.2022-Abwassergebuehren-Entscheidung-OVG-Muenster-v.-17.05.2022.pdf\" class=\"wp-block-file__button wp-element-button\" download aria-describedby=\"wp-block-file--media-d7fba4f1-c0c4-4f9d-9ce9-a9bbbb7689ae\">Herunterladen<\/a><\/div>\n\n\n\n<hr class=\"wp-block-separator has-alpha-channel-opacity is-style-wide\"\/>\n\n\n\n<div data-wp-interactive=\"core\/file\" class=\"wp-block-file\"><object data-wp-bind--hidden=\"!state.hasPdfPreview\" hidden class=\"wp-block-file__embed\" data=\"https:\/\/buergerfuerhaan.de\/wp-content\/uploads\/2025\/08\/Stellungnahme-Burger-Union-z-um-Buergerentscheid-B-228-.pdf\" type=\"application\/pdf\" style=\"width:100%;height:600px\" aria-label=\"Einbettung von Stellungnahme Burger Union z um B\u00fcrgerentscheid B 228.\"><\/object><a id=\"wp-block-file--media-5f43b22b-5f97-40bd-bb06-3e8673c907ac\" href=\"https:\/\/buergerfuerhaan.de\/wp-content\/uploads\/2025\/08\/Stellungnahme-Burger-Union-z-um-Buergerentscheid-B-228-.pdf\">Stellungnahme Burger Union z um B\u00fcrgerentscheid B 228<\/a><a href=\"https:\/\/buergerfuerhaan.de\/wp-content\/uploads\/2025\/08\/Stellungnahme-Burger-Union-z-um-Buergerentscheid-B-228-.pdf\" class=\"wp-block-file__button wp-element-button\" download aria-describedby=\"wp-block-file--media-5f43b22b-5f97-40bd-bb06-3e8673c907ac\">Herunterladen<\/a><\/div>\n\n\n\n<hr class=\"wp-block-separator has-alpha-channel-opacity is-style-wide\"\/>\n\n\n\n<div data-wp-interactive=\"core\/file\" class=\"wp-block-file\"><object data-wp-bind--hidden=\"!state.hasPdfPreview\" hidden class=\"wp-block-file__embed\" data=\"https:\/\/buergerfuerhaan.de\/wp-content\/uploads\/2025\/08\/Buerger-Union-Finanzkonzept-fuer-Haan.pdf\" type=\"application\/pdf\" style=\"width:100%;height:600px\" aria-label=\"Einbettung von B\u00fcrger Union Finanzkonzept f\u00fcr Haan.\"><\/object><a id=\"wp-block-file--media-2b6f96fb-4149-4206-b740-522d7f2f1bbd\" href=\"https:\/\/buergerfuerhaan.de\/wp-content\/uploads\/2025\/08\/Buerger-Union-Finanzkonzept-fuer-Haan.pdf\">B\u00fcrger Union Finanzkonzept f\u00fcr Haan<\/a><a href=\"https:\/\/buergerfuerhaan.de\/wp-content\/uploads\/2025\/08\/Buerger-Union-Finanzkonzept-fuer-Haan.pdf\" class=\"wp-block-file__button wp-element-button\" download aria-describedby=\"wp-block-file--media-2b6f96fb-4149-4206-b740-522d7f2f1bbd\">Herunterladen<\/a><\/div>\n\n\n\n<hr class=\"wp-block-separator has-alpha-channel-opacity is-style-wide\"\/>\n\n\n\n<div data-wp-interactive=\"core\/file\" class=\"wp-block-file\"><object data-wp-bind--hidden=\"!state.hasPdfPreview\" hidden class=\"wp-block-file__embed\" data=\"https:\/\/buergerfuerhaan.de\/wp-content\/uploads\/2025\/08\/Buerger-Union-Vorschlag-Multisportpark.pdf\" type=\"application\/pdf\" style=\"width:100%;height:600px\" aria-label=\"Einbettung von B\u00fcrger Union Vorschlag Multisportpark.\"><\/object><a id=\"wp-block-file--media-2019f14b-9e5e-4671-81d9-542f4cf14861\" href=\"https:\/\/buergerfuerhaan.de\/wp-content\/uploads\/2025\/08\/Buerger-Union-Vorschlag-Multisportpark.pdf\">B\u00fcrger Union Vorschlag Multisportpark<\/a><a href=\"https:\/\/buergerfuerhaan.de\/wp-content\/uploads\/2025\/08\/Buerger-Union-Vorschlag-Multisportpark.pdf\" class=\"wp-block-file__button wp-element-button\" download aria-describedby=\"wp-block-file--media-2019f14b-9e5e-4671-81d9-542f4cf14861\">Herunterladen<\/a><\/div>\n\n\n\n<hr class=\"wp-block-separator has-alpha-channel-opacity is-style-wide\"\/>\n\n\n\n<div data-wp-interactive=\"core\/file\" class=\"wp-block-file\"><object data-wp-bind--hidden=\"!state.hasPdfPreview\" hidden class=\"wp-block-file__embed\" data=\"https:\/\/buergerfuerhaan.de\/wp-content\/uploads\/2025\/08\/Burger-Union-Anfrage-v.-25.04.2023-Auswirkungen-Tarifabschluss-OeD.pdf\" type=\"application\/pdf\" style=\"width:100%;height:600px\" aria-label=\"Einbettung von Burger Union Anfrage v. 25.04.2023  Auswirkungen Tarifabschluss \u00d6D.\"><\/object><a id=\"wp-block-file--media-c146596b-70b4-45f0-b992-04a3cd64d669\" href=\"https:\/\/buergerfuerhaan.de\/wp-content\/uploads\/2025\/08\/Burger-Union-Anfrage-v.-25.04.2023-Auswirkungen-Tarifabschluss-OeD.pdf\">Burger Union Anfrage v. 25.04.2023  Auswirkungen Tarifabschluss \u00d6D<\/a><a href=\"https:\/\/buergerfuerhaan.de\/wp-content\/uploads\/2025\/08\/Burger-Union-Anfrage-v.-25.04.2023-Auswirkungen-Tarifabschluss-OeD.pdf\" class=\"wp-block-file__button wp-element-button\" download aria-describedby=\"wp-block-file--media-c146596b-70b4-45f0-b992-04a3cd64d669\">Herunterladen<\/a><\/div>\n\n\n\n<hr class=\"wp-block-separator has-alpha-channel-opacity is-style-wide\"\/>\n\n\n\n<div data-wp-interactive=\"core\/file\" class=\"wp-block-file\"><object data-wp-bind--hidden=\"!state.hasPdfPreview\" hidden class=\"wp-block-file__embed\" data=\"https:\/\/buergerfuerhaan.de\/wp-content\/uploads\/2025\/08\/Buerger-Union-Haan-Anfrage-Glasfaser-v.-27.01.2025.pdf\" type=\"application\/pdf\" style=\"width:100%;height:600px\" aria-label=\"Einbettung von B\u00fcrger Union Haan Anfrage Glasfaser v. 27.01.2025.\"><\/object><a id=\"wp-block-file--media-d4b40f88-3f36-47ef-b8f1-28b331834287\" href=\"https:\/\/buergerfuerhaan.de\/wp-content\/uploads\/2025\/08\/Buerger-Union-Haan-Anfrage-Glasfaser-v.-27.01.2025.pdf\">B\u00fcrger Union Haan Anfrage Glasfaser v. 27.01.2025<\/a><a href=\"https:\/\/buergerfuerhaan.de\/wp-content\/uploads\/2025\/08\/Buerger-Union-Haan-Anfrage-Glasfaser-v.-27.01.2025.pdf\" class=\"wp-block-file__button wp-element-button\" download aria-describedby=\"wp-block-file--media-d4b40f88-3f36-47ef-b8f1-28b331834287\">Herunterladen<\/a><\/div>\n\n\n\n<p><\/p>\n","protected":false},"excerpt":{"rendered":"","protected":false},"author":1,"featured_media":0,"parent":0,"menu_order":0,"comment_status":"closed","ping_status":"closed","template":"","meta":{"saved_in_kubio":true,"give_campaign_id":0,"footnotes":""},"class_list":["post-1107","page","type-page","status-publish","hentry"],"kubio_ai_page_context":{"short_desc":"","purpose":"general"},"campaignId":"","jetpack_sharing_enabled":true,"_links":{"self":[{"href":"https:\/\/buergerfuerhaan.de\/index.php?rest_route=\/wp\/v2\/pages\/1107","targetHints":{"allow":["GET"]}}],"collection":[{"href":"https:\/\/buergerfuerhaan.de\/index.php?rest_route=\/wp\/v2\/pages"}],"about":[{"href":"https:\/\/buergerfuerhaan.de\/index.php?rest_route=\/wp\/v2\/types\/page"}],"author":[{"embeddable":true,"href":"https:\/\/buergerfuerhaan.de\/index.php?rest_route=\/wp\/v2\/users\/1"}],"replies":[{"embeddable":true,"href":"https:\/\/buergerfuerhaan.de\/index.php?rest_route=%2Fwp%2Fv2%2Fcomments&post=1107"}],"version-history":[{"count":6,"href":"https:\/\/buergerfuerhaan.de\/index.php?rest_route=\/wp\/v2\/pages\/1107\/revisions"}],"predecessor-version":[{"id":1134,"href":"https:\/\/buergerfuerhaan.de\/index.php?rest_route=\/wp\/v2\/pages\/1107\/revisions\/1134"}],"wp:attachment":[{"href":"https:\/\/buergerfuerhaan.de\/index.php?rest_route=%2Fwp%2Fv2%2Fmedia&parent=1107"}],"curies":[{"name":"wp","href":"https:\/\/api.w.org\/{rel}","templated":true}]}}